{"id":8458,"date":"2024-08-27T21:34:39","date_gmt":"2024-08-27T21:34:39","guid":{"rendered":"https:\/\/connect.evexi.as\/?page_id=8458"},"modified":"2025-08-15T18:39:17","modified_gmt":"2025-08-15T18:39:17","slug":"a-more-vital-you-is-closer-than-ever","status":"publish","type":"page","link":"https:\/\/connect.evexi.as\/es\/a-more-vital-you-is-closer-than-ever\/","title":{"rendered":"Tener m\u00e1s energ\u00eda est\u00e1 al alcance de la mano"},"content":{"rendered":"\n<div class=\"wp-block-group alignwide is-layout-flow wp-block-group-is-layout-flow\" style=\"border-bottom-color:var(--wp--preset--color--accent);border-bottom-width:12px;padding-top:4rem;padding-bottom:4rem\">\n<h1 class=\"wp-block-heading alignwide\">A More Vital You is Closer Than Ever<\/h1>\n\n\n\n<div class=\"wp-block-columns is-layout-flex wp-container-core-columns-is-layout-28f84493 wp-block-columns-is-layout-flex\">\n<div class=\"wp-block-column is-layout-flow wp-block-column-is-layout-flow\" style=\"flex-basis:70%\">\n<p>So, you just got your pellet inserted. What\u2019s next? You should begin to notice improvements to your mood, sleep, energy and more within four weeks of your insertion. To enjoy optimal outcomes and see the results you\u2019re looking for, there is some important post-insertion information you should know. Read the instructions and watch the video for all the details on your post-insertion care.<\/p>\n\n\n\n<h2 class=\"wp-block-heading border-left--green\" style=\"margin-top:4rem\">Post-Insertion Instructions:<\/h2>\n\n\n\n<ul class=\"wp-block-list\">\n<li><strong>Do not soak<\/strong> in a bathtub, hot tub, or swim in a swimming pool for five days after insertion if you are male and three days after insertion if you are female. These protocols will help prevent infection.<\/li>\n\n\n\n<li><strong>Avoid intense workouts<\/strong> for five days if you are male and three days if you are female.<\/li>\n\n\n\n<li><strong>Avoid activities that may irritate the insertion site<\/strong> and cause extrusion, such as but not limited to horseback riding and mountain biking.<\/li>\n\n\n\n<li>You have two bandages over the insertion site. The steri-strip which helps keep the wound sealed and a gauze-like pressure bandage. The pressure bandage may be removed 24 hours after insertion.<\/li>\n\n\n\n<li>Contact your provider immediately if you develop redness, tenderness, warmth, swelling, or oozing at the insertion site.<\/li>\n<\/ul>\n<\/div>\n<\/div>\n\n\n\n<h2 class=\"wp-block-heading border-left--green\" style=\"margin-top:4rem\">What to Expect After Your Pellet Insertion<\/h2>\n\n\n\n<figure class=\"wp-block-embed is-type-video is-provider-vimeo wp-block-embed-vimeo wp-embed-aspect-16-9 wp-has-aspect-ratio\"><div class=\"wp-block-embed__wrapper\">\n<iframe loading=\"lazy\" title=\"EvexiPEL Pellet Therapy: Post Pellet Appointment. Post Pellet Instructions\" src=\"https:\/\/player.vimeo.com\/video\/762115491?h=9b486eb251&amp;dnt=1&amp;app_id=122963\" width=\"500\" height=\"281\" frameborder=\"0\" allow=\"autoplay; fullscreen; picture-in-picture; clipboard-write; encrypted-media; web-share\" referrerpolicy=\"strict-origin-when-cross-origin\"><\/iframe>\n<\/div><\/figure>\n\n\n\n<h2 class=\"wp-block-heading alignwide border-left--green\" style=\"margin-top:4rem\">Enhance Your Treatment<\/h2>\n\n\n\n<div class=\"wp-block-columns alignwide is-layout-flex wp-container-core-columns-is-layout-28f84493 wp-block-columns-is-layout-flex\">\n<div class=\"wp-block-column is-layout-flow wp-block-column-is-layout-flow\">\n<p>Want to maximize your results? Hormone therapy works best when supported by balanced nutrition. Your provider will recommend a selection of nutraceuticals that deliver key nutrients to complement your pellet therapy.<\/p>\n\n\n\n<ul class=\"wp-block-list\">\n<li><strong>ADK 10<\/strong> works to improve cellular absorption of hormones<\/li>\n\n\n\n<li><strong>Active ND 50 Probiotic<\/strong> supports your digestive system and effective hormone metabolism<\/li>\n\n\n\n<li><strong>EvexiPEL Complete<\/strong> sustains optimal hormone metabolism and balance<\/li>\n<\/ul>\n\n\n\n<p>Your provider may recommend a few additional nutraceuticals depending on your specific needs and hormone therapy goals.<\/p>\n<\/div>\n\n\n\n<div class=\"wp-block-column is-vertically-aligned-center is-layout-flow wp-block-column-is-layout-flow\">\n<figure class=\"wp-block-embed is-type-video is-provider-vimeo wp-block-embed-vimeo wp-embed-aspect-16-9 wp-has-aspect-ratio\"><div class=\"wp-block-embed__wrapper\">\n<iframe loading=\"lazy\" title=\"EvexiPEL Pellet Therapy: When can you expect to feel better?\" src=\"https:\/\/player.vimeo.com\/video\/762115894?h=5e19c78fa2&amp;dnt=1&amp;app_id=122963\" width=\"500\" height=\"281\" frameborder=\"0\" allow=\"autoplay; fullscreen; picture-in-picture; clipboard-write; encrypted-media; web-share\" referrerpolicy=\"strict-origin-when-cross-origin\"><\/iframe>\n<\/div><\/figure>\n<\/div>\n<\/div>\n\n\n\n<h2 class=\"wp-block-heading border-left--green\" style=\"margin-top:4rem\">Treatment Plan<\/h2>\n\n\n\n<figure class=\"wp-block-embed alignwide is-type-video is-provider-vimeo wp-block-embed-vimeo wp-embed-aspect-16-9 wp-has-aspect-ratio\"><div class=\"wp-block-embed__wrapper\">\n<iframe loading=\"lazy\" title=\"EvexiPEL Pellet Therapy: Treatment Plan\" src=\"https:\/\/player.vimeo.com\/video\/762115586?h=3a068f2be8&amp;dnt=1&amp;app_id=122963\" width=\"500\" height=\"281\" frameborder=\"0\" allow=\"autoplay; fullscreen; picture-in-picture; clipboard-write; encrypted-media; web-share\" referrerpolicy=\"strict-origin-when-cross-origin\"><\/iframe>\n<\/div><\/figure>\n\n\n\n<h2 class=\"wp-block-heading alignwide border-left--green\" style=\"margin-top:4rem\">What Patients are Saying about EVEXIAS<\/h2>\n\n\n\n<div class=\"wp-block-cb-carousel alignwide\" data-slick=\"{&quot;slidesToShow&quot;:2,&quot;slidesToScroll&quot;:1,&quot;speed&quot;:300,&quot;arrows&quot;:true,&quot;dots&quot;:true,&quot;autoplay&quot;:true,&quot;autoplaySpeed&quot;:3000,&quot;infinite&quot;:true,&quot;responsive&quot;:[{&quot;breakpoint&quot;:769,&quot;settings&quot;:{&quot;slidesToShow&quot;:1,&quot;slidesToScroll&quot;:1}}]}\">\n<div class=\"wp-block-cb-slide\">\n<p><em>\u201cI just came out of a fog. Hot flashes went away. My anxiety subsided.\u201d \u2013 Heather, EvexiPEL Patient<\/em><\/p>\n<\/div>\n\n\n\n<div class=\"wp-block-cb-slide\">\n<p><em>\u201cI\u2019ve lost 25 to 30 pounds. I think more clearly. It\u2019s great. EvexiPEL is wonderful.\u201d \u2013 Shane, EvexiPEL Patient<\/em><\/p>\n<\/div>\n\n\n\n<div class=\"wp-block-cb-slide\">\n<p><em>\u201cI have completely weaned off all my ADHD meds with hormone therapy and the nutrition support.\u201d &#8212; Lauren, EvexiPEL Patient<\/em><\/p>\n<\/div>\n<\/div>\n<\/div>\n","protected":false},"excerpt":{"rendered":"<p>A More Vital You is Closer Than Ever So, you just got your pellet inserted. What\u2019s next? You should begin to notice improvements to your mood, sleep, energy and more within four weeks of your insertion. To enjoy optimal outcomes and see the results you\u2019re looking for, there is some important post-insertion information you should [&hellip;]<\/p>\n","protected":false},"author":2,"featured_media":0,"parent":0,"menu_order":0,"comment_status":"closed","ping_status":"closed","template":"page-no-title","meta":{"_acf_changed":false,"_monsterinsights_skip_tracking":false,"_monsterinsights_sitenote_active":false,"_monsterinsights_sitenote_note":"","_monsterinsights_sitenote_category":0,"footnotes":""},"class_list":["post-8458","page","type-page","status-publish","hentry"],"acf":[],"_links":{"self":[{"href":"https:\/\/connect.evexi.as\/es\/wp-json\/wp\/v2\/pages\/8458","targetHints":{"allow":["GET"]}}],"collection":[{"href":"https:\/\/connect.evexi.as\/es\/wp-json\/wp\/v2\/pages"}],"about":[{"href":"https:\/\/connect.evexi.as\/es\/wp-json\/wp\/v2\/types\/page"}],"author":[{"embeddable":true,"href":"https:\/\/connect.evexi.as\/es\/wp-json\/wp\/v2\/users\/2"}],"replies":[{"embeddable":true,"href":"https:\/\/connect.evexi.as\/es\/wp-json\/wp\/v2\/comments?post=8458"}],"version-history":[{"count":35,"href":"https:\/\/connect.evexi.as\/es\/wp-json\/wp\/v2\/pages\/8458\/revisions"}],"predecessor-version":[{"id":14571,"href":"https:\/\/connect.evexi.as\/es\/wp-json\/wp\/v2\/pages\/8458\/revisions\/14571"}],"wp:attachment":[{"href":"https:\/\/connect.evexi.as\/es\/wp-json\/wp\/v2\/media?parent=8458"}],"curies":[{"name":"wp","href":"https:\/\/api.w.org\/{rel}","templated":true}]}}